{"id":1475,"date":"2018-05-27T13:28:51","date_gmt":"2018-05-27T11:28:51","guid":{"rendered":"http:\/\/www.blumenet.com\/blog\/?page_id=1475"},"modified":"2019-03-20T12:01:44","modified_gmt":"2019-03-20T11:01:44","slug":"deutsche-alpenstrasse-2018","status":"publish","type":"page","link":"https:\/\/www.blumenet.com\/blog\/?page_id=1475","title":{"rendered":"Deutsche Alpenstrasse 2018"},"content":{"rendered":"<p>Diesmal geht es entlang der <a href=\"https:\/\/de.wikipedia.org\/wiki\/Deutsche_Alpenstra\u00dfe\">Deutschen Alpenstrasse<\/a>.<\/p>\n<p>Festhalten &#8211; die n\u00e4chste Fahrt geht r\u00fcckw\u00e4rts! Wir starten in Berchtesgaden am K\u00f6nigsee und fahren dann in Richtung Lindau am Bodensee.<\/p>\n<p><a href=\"https:\/\/www.blumenet.com\/blog\/?cat=14\">Hier gehts zum Blog<\/a><\/p>\n<p>&nbsp;<\/p>\n<p><img loading=\"lazy\" decoding=\"async\" class=\"alignnone size-full wp-image-1490\" src=\"http:\/\/www.blumenet.com\/blog\/wp-content\/uploads\/2018\/05\/Bildschirmfoto-2018-05-27-um-14.01.03.png\" alt=\"\" width=\"2464\" height=\"1228\" srcset=\"https:\/\/www.blumenet.com\/blog\/wp-content\/uploads\/2018\/05\/Bildschirmfoto-2018-05-27-um-14.01.03.png 2464w, https:\/\/www.blumenet.com\/blog\/wp-content\/uploads\/2018\/05\/Bildschirmfoto-2018-05-27-um-14.01.03-150x75.png 150w, https:\/\/www.blumenet.com\/blog\/wp-content\/uploads\/2018\/05\/Bildschirmfoto-2018-05-27-um-14.01.03-2000x997.png 2000w, https:\/\/www.blumenet.com\/blog\/wp-content\/uploads\/2018\/05\/Bildschirmfoto-2018-05-27-um-14.01.03-768x383.png 768w\" sizes=\"auto, (max-width: 2464px) 100vw, 2464px\" \/><\/p>\n","protected":false},"excerpt":{"rendered":"<p>Diesmal geht es entlang der Deutschen Alpenstrasse. Festhalten &#8211; die n\u00e4chste Fahrt geht r\u00fcckw\u00e4rts! Wir starten in Berchtesgaden am K\u00f6nigsee und fahren dann in Richtung Lindau am Bodensee. Hier gehts zum Blog &nbsp;<\/p>\n","protected":false},"author":1,"featured_media":0,"parent":373,"menu_order":0,"comment_status":"closed","ping_status":"closed","template":"","meta":{"ngg_post_thumbnail":0,"jetpack_post_was_ever_published":false,"footnotes":""},"class_list":["post-1475","page","type-page","status-publish","hentry"],"jetpack_shortlink":"https:\/\/wp.me\/PaL6jO-nN","jetpack_sharing_enabled":true,"_links":{"self":[{"href":"https:\/\/www.blumenet.com\/blog\/index.php?rest_route=\/wp\/v2\/pages\/1475","targetHints":{"allow":["GET"]}}],"collection":[{"href":"https:\/\/www.blumenet.com\/blog\/index.php?rest_route=\/wp\/v2\/pages"}],"about":[{"href":"https:\/\/www.blumenet.com\/blog\/index.php?rest_route=\/wp\/v2\/types\/page"}],"author":[{"embeddable":true,"href":"https:\/\/www.blumenet.com\/blog\/index.php?rest_route=\/wp\/v2\/users\/1"}],"replies":[{"embeddable":true,"href":"https:\/\/www.blumenet.com\/blog\/index.php?rest_route=%2Fwp%2Fv2%2Fcomments&post=1475"}],"version-history":[{"count":8,"href":"https:\/\/www.blumenet.com\/blog\/index.php?rest_route=\/wp\/v2\/pages\/1475\/revisions"}],"predecessor-version":[{"id":1914,"href":"https:\/\/www.blumenet.com\/blog\/index.php?rest_route=\/wp\/v2\/pages\/1475\/revisions\/1914"}],"up":[{"embeddable":true,"href":"https:\/\/www.blumenet.com\/blog\/index.php?rest_route=\/wp\/v2\/pages\/373"}],"wp:attachment":[{"href":"https:\/\/www.blumenet.com\/blog\/index.php?rest_route=%2Fwp%2Fv2%2Fmedia&parent=1475"}],"curies":[{"name":"wp","href":"https:\/\/api.w.org\/{rel}","templated":true}]}}